{"id":2097,"date":"2021-10-15T17:27:32","date_gmt":"2021-10-15T16:27:32","guid":{"rendered":"https:\/\/mafaldasoares.pt\/politica-de-privacidade\/"},"modified":"2021-11-15T16:09:11","modified_gmt":"2021-11-15T16:09:11","slug":"privacy-policy","status":"publish","type":"page","link":"https:\/\/mafaldasoares.pt\/en\/privacy-policy\/","title":{"rendered":"Privacy Policy"},"content":{"rendered":"<p>[et_pb_section fb_built=&#8221;1&#8243; _builder_version=&#8221;4.11.2&#8243; _module_preset=&#8221;default&#8221; background_color=&#8221;#fdfdfc&#8221; custom_padding=&#8221;0px||0px||false|false&#8221; global_colors_info=&#8221;{}&#8221;][et_pb_row custom_padding_last_edited=&#8221;on|phone&#8221; _builder_version=&#8221;4.12.0&#8243; _module_preset=&#8221;default&#8221; custom_padding=&#8221;130px||130px||false|false&#8221; custom_padding_tablet=&#8221;80px||80px||false|false&#8221; custom_padding_phone=&#8221;40px||40px||false|false&#8221; global_colors_info=&#8221;{}&#8221;][et_pb_column type=&#8221;4_4&#8243; _builder_version=&#8221;4.11.2&#8243; _module_preset=&#8221;default&#8221; global_colors_info=&#8221;{}&#8221;][et_pb_text _builder_version=&#8221;4.12.1&#8243; _module_preset=&#8221;default&#8221; header_2_font=&#8221;|600|||||||&#8221; header_2_text_color=&#8221;#333333&#8243; header_2_font_size=&#8221;45px&#8221; custom_margin=&#8221;||0px||false|false&#8221; custom_padding=&#8221;||20px||false|false&#8221; custom_padding_tablet=&#8221;||20px||false|false&#8221; custom_padding_phone=&#8221;||20px||false|false&#8221; custom_padding_last_edited=&#8221;on|phone&#8221; header_2_font_size_tablet=&#8221;37px&#8221; header_2_font_size_phone=&#8221;32px&#8221; header_2_font_size_last_edited=&#8221;on|tablet&#8221; global_colors_info=&#8221;{}&#8221;]<\/p>\n<h2>Privacy Policy<\/h2>\n<p>[\/et_pb_text][et_pb_text disabled_on=&#8221;off|off|off&#8221; _builder_version=&#8221;4.12.1&#8243; _module_preset=&#8221;default&#8221; text_font=&#8221;|300|||||||&#8221; text_text_color=&#8221;#333333&#8243; link_text_color=&#8221;#333333&#8243; global_colors_info=&#8221;{}&#8221; link_text_color__hover_enabled=&#8221;on|desktop&#8221; link_text_color__hover=&#8221;#111111&#8243;]<\/p>\n<p><span style=\"font-weight: 400;\">Mafalda Soares Interior Design Studio<\/span>, (hereinafter referred to as <span style=\"font-weight: 400;\">MS Studio<\/span>\u00a0is concerned with the privacy, namely of its customers and users of its website.<\/p>\n<p>In the context of the suppling of products\/services, <span style=\"font-weight: 400;\">Mafalda Soares Interior Design Studio <\/span> needs to regularly collect some of its customers\u2019 personal data, ie information relating to an identified or identifiable natural person (\u2018data holder\u2019), such as the name, identification number, telephone number, e-mail address, among others.<br \/>However, we are aware that the use of your personal data requires that it is done consciously and based on a relationship of trust.<\/p>\n<p>On the other hand, the increasingly regular interaction of our customers through our Websites also requires, in some cases, the collection of personal information from the user for the use of services provided by <span style=\"font-weight: 400;\">Mafalda Soares Interior Design Studio<\/span> or, in other cases, to improve the performance of the applications , the collection of data from your computer, through small files known to the general public as cookies.<\/p>\n<p>The Privacy and Personal Data Protection Policy helps you understand how we collect, treat and protect your personal data when you purchase our products\/services or visit our Websites.<br \/>You may obtain additional information or clarify any doubts about this Privacy and Personal Data Protection Policy by contacting <span style=\"font-weight: 400;\">Mafalda Soares Interior Design Studio<\/span> by the following means:<\/p>\n<p>Rua Direita Nr 351, Sala 14<br \/>4450-652 Le\u00e7a da Palmeira<br \/>Portugal<\/p>\n<p>or to the e-mail address:<br \/><a href=\"mailto:info@mafaldasoares.pt\">info@<span style=\"color: #000000;\">mafaldasoares.pt<\/span><\/a><\/p>\n<p>&nbsp;<\/p>\n<p>PRIVACY POLICY AND PROTECTION OF PERSONAL DATA<br \/><span style=\"font-weight: 400;\">Mafalda Soares Interior Design Studio <\/span> is committed to protecting the privacy of its Customers in the acquisition and use of its products and services, as well as in the use of websites, technologically guaranteeing developments that offer safe online experiences.<br \/>Users are given the opportunity to browse <span style=\"font-weight: 400;\">Mafalda Soares Interior Design Studio&#8217;s<\/span> websites without the need to provide personal information. However, sometimes information is required for the provision of certain services requested by users and Clients (catalog downloads, newsletters, pricelists, dwg or high resolution images.).<\/p>\n<p>This Privacy and Personal Data Protection Policy helps you understand how we collect, treat and protect your personal data when you visit our Websites and when you generally use our products or services.<br \/>By providing your personal data to <span style=\"font-weight: 400;\">Mafalda Soares Interior Design Studio<\/span>, you acknowledge and consent to the processing of your personal data in accordance with this Privacy and Personal Data Protection Policy and with the rules and principles contained in the terms and conditions of the services used.<\/p>\n<p>To this extent and with regard to the processing of personal data, you are advised to read this Privacy Policy together with the Terms and Conditions regulating the offer of the various products and services from <span style=\"font-weight: 400;\">Mafalda Soares Interior Design Studio<\/span>.<br \/>If it is our intention to make any changes to this Policy, we will post those changes at <a href=\"\/\">www.mafaldasoares.pt<\/a> and we recommend consulting the date of the last update, at the end of this page.<\/p>\n<p>&nbsp;<\/p>\n<p>CONCEPTS<\/p>\n<p>PERSONAL DATA<br \/>Personal Data means any information of any nature, regardless of its support, including sound and image, relating to an identified or identifiable natural person (data subject). Any person who can be identified directly or indirectly, namely by reference to an identification number or to more specific elements of his\/her physical, physiological, psychic, economic, cultural or social identity, shall be considered identifiable.<\/p>\n<p>&nbsp;<\/p>\n<p>DATA COLLECTION<br \/>What data is collected by <span style=\"font-weight: 400;\">Mafalda Soares Interior Design Studio<\/span>?<\/p>\n<p>Typically, personal data collected by <span style=\"font-weight: 400;\">Mafalda Soares Interior Design Studio <\/span> is limited to the name, address, telephone number or email, but other data required to provide products or services such as address, tax number, and others may be collected.<\/p>\n<p>When are these personal data collected?<\/p>\n<p>In general, personal data is requested when you purchase or intend to purchase one of our products\/services or perform certain functionalities on the <span style=\"font-weight: 400;\">Mafalda Soares Interior Design Studio <\/span> Website.<br \/><span style=\"font-weight: 400;\">Mafalda Soares Interior Design Studio <\/span> respects your right to privacy and does not collect any personal information about you without your prior consent.<\/p>\n<p>Some of the personal data are mandatory to supply the product\/service. <span style=\"font-weight: 400;\">Mafalda Soares Interior Design Studio <\/span> will inform of this obligation and in the event of failure or incorrect supply of the required data, <span style=\"font-weight: 400;\">Mafalda Soares Interior Design Studio<\/span> will not be able to supply the contracted product\/service. The provision of incorrect or inaccurate data is your sole responsibility.<\/p>\n<p>What is the purpose of the collection of personal data?<\/p>\n<p>Usually, personal data collected from Clients are intended for the supply of products\/services and respective billing, for the management and evaluation of the contractual relationship with the Customer, for the adaptation of the products\/services to the Client\u2019s needs and interests, for communication actions, marketing or advertising of FRATO and\/or third party companies (subcontractors). Your personal data will also be processed to answer your questions, suggestions or complaints.<\/p>\n<p>Who is responsible for processing personal data?<\/p>\n<p>The entity responsible for the processing of personal data is <span style=\"font-weight: 400;\">Mafalda Soares Interior Design Studio <\/span>.<\/p>\n<p>&nbsp;<\/p>\n<p>SUBCONTRACTORS AND TRANSFER OF PERSONAL DATA<br \/>Personal data, including databases and other operations, may, under legally defined terms and conditions, be hosted, shared and communicated to Third Parties.<br \/>We may be able to send you marketing and promotion initiatives, but only if you have indicated in your communication preferences that you are interested in the communications in question.<\/p>\n<p>We may also share information with companies that provide us with support services (for example, credit companies or mail management companies) and help us market our products and services (for example, shippimg providers). These companies may need information from you to perform their functions. These companies are not authorized to use the information we share with them for any other purpose.<br \/>We may disclose specific information on a government request in response to a lawsuit, if required by law, to protect the rights, property, or safety of third parties. We do not provide information to these entities or companies for commercial or marketing purposes.<\/p>\n<p>Personal data may also be made available to the courts and other competent authorities, in strict compliance with the provisions of the law, in particular when necessary for the resolution of disputes and for activities related to the protection of public safety, defense and security and to the prevention, investigation or detection of criminal offenses.<\/p>\n<p><span style=\"font-weight: 400;\">Mafalda Soares Interior Design Studio <\/span> may also use subcontractors for all or part of the purposes identified above, as well as for the maintenance, accommodation and management of its computer systems and equipment, under the terms permitted by the legislation governing the processing of personal data, these entities being obliged to maintain confidentiality and to guarantee the security of the data of <span style=\"font-weight: 400;\">Mafalda Soares Interior Design Studio&#8217;s <\/span> Customers, and shall not use such data for any other purpose, or for their own benefit, nor to relate them to other data that they possess.<\/p>\n<p>How long does the personal data last? Your personal information is only kept for the period of time necessary to provide the product \/ service, or to comply with <span style=\"font-weight: 400;\">Mafalda Soares Interior Design Studio&#8217;s <\/span> legal obligations (including product \/service guarantees) and for legally defined periods.<\/p>\n<p>&nbsp;<\/p>\n<p>COOKIES<\/p>\n<p>What are Cookies?<\/p>\n<p>\u201dCookies\u201d are small text files that are stored in the device (computer, tablet, mobile phone) through the browser and are commonly used to retain information about the visit to the website between several sessions (eg preferences, pages visited, etc.).<br \/>Cookies are used by most web sites for the ultimate purpose of improving the user experience.<\/p>\n<p>What kind of Cookies are used on <span style=\"font-weight: 400;\">Mafalda Soares Interior Design Studio <\/span> website?<\/p>\n<p>Cookies: Allow you to browse the site and use the applications and services that <span style=\"font-weight: 400;\">Mafalda Soares Interior Design Studio <\/span> provides, such as accessing secure areas of the site. Without these cookies services can not be provided.<\/p>\n<p>\u2022 Performance and analysis cookies: Allow easy and individual navigation because they keep the preferences of the user regarding the use of the site so that it is not necessary to reconfigure at each visit and allow to obtain aggregated data for statistical analysis and improvement of the site.<br \/>\u2022 Social Cookies: Some pages of the <span style=\"font-weight: 400;\">Mafalda Soares Interior Design Studio <\/span> website contain components that are made available by third parties (eg Facebook, etc.)<br \/>\u2022 Advertising Cookies: They allow to direct advertising according to the interests of each user, through the collection of habits of navigation in the Internet. In this way, the advertising made available will meet your needs.<\/p>\n<p>Some cookies used on the site will be automatically deleted from your device when you log out of the browser (called \u201csession cookies\u201d). Other types of cookies will remain on your computer and allow you to identify them on the next visit to the website (so-called \u201cpermanent cookies\u201d).<\/p>\n<p>How can you block the use of Cookies? Your browser allows you to manage the cookies in the configuration options, and may even block all cookies from <span style=\"font-weight: 400;\">Mafalda Soares Interior Design Studio <\/span>. However, blocking Cookies will affect your experience as a user. We provide you with the links to the information pages that will allow you to configure your browser:<\/p>\n<p>\u2022 Internet Explorer\u2122: <a href=\"https:\/\/support.microsoft.com\/pt-pt\/windows\/eliminar-e-gerir-cookies-168dab11-0753-043d-7c16-ede5947fc64d\" target=\"_blank\" rel=\"noopener\">http:\/\/windows.microsoft.com\/pt-pt\/windows-vista\/block-or-allow-cookies<\/a><br \/>\u2022 Safari\u2122 : <a href=\"https:\/\/support.apple.com\/?path=safari\/3.0\/pt\/9277.html\" target=\"_blank\" rel=\"noopener\">http:\/\/www.apple.com\/support\/?path=safari\/3.0\/pt\/9277.html<\/a><br \/>\u2022 Chrome\u2122: <a href=\"https:\/\/policies.google.com\/technologies\/cookies?hl=en\" target=\"_blank\" rel=\"noopener\">https:\/\/support.google.com\/chrome\/answer\/95647?hl=pt&amp;hlrm=en<\/a><br \/>\u2022 Firefox\u2122: <a href=\"https:\/\/support.mozilla.org\/en-US\/kb\/clear-cookies-and-site-data-firefox\" target=\"_blank\" rel=\"noopener\">https:\/\/support.mozilla.org\/en-US\/kb\/clear-cookies-and-site-data-firefox<\/a><br \/>\u2022 Opera\u2122: <a href=\"https:\/\/help.opera.com\/en\/latest\/web-preferences\/#cookies\" target=\"_blank\" rel=\"noopener\">http:\/\/help.opera.com\/windows\/10.20\/pt\/cookies.html<\/a><\/p>\n<p>Which entities can access the information collected by the Cookies?<\/p>\n<p>The information collected by cookies may be used by <span style=\"font-weight: 400;\">Mafalda Soares Interior Design Studio<\/span>, its subcontractors or partners.<\/p>\n<p>Marketing, Advertising and CommunicationIn order to inform Customer about new products and services, <span style=\"font-weight: 400;\">Mafalda Soares Interior Design Studio <\/span> may use the following methods: Mail, telephone, email, SMS or any other electronic communication service, unless the customer has objected.<br \/>In the request for quotation, order or electronic registration, the customer may not authorize the processing of their personal data for Marketing, Communication and\/or Advertising purposes.<br \/>You may also withdraw your consent at any time by sending your request to:<\/p>\n<p>Rua Direita Nr 351, Sala 14<br \/>4450-652 Le\u00e7a da Palmeira<br \/>Portugal<\/p>\n<p>or to the e-mail address:<br \/><a href=\"mailto:info@mafaldasoares.pt\"><span style=\"color: #000000;\">info@mafaldasoares.pt<\/span><\/a><span style=\"color: #000000;\"><\/span><\/p>\n<p>&nbsp;<\/p>\n<p>CUSTOMER RIGHTS<br \/>Right of access, correction, opposition and elimination of personal dataIn accordance with the applicable legislation, the Client is guaranteed the right of access to data that directly concerns him or her, and may request its correction or addition by contacting the Data Protection Department of <span style=\"font-weight: 400;\">Mafalda Soares Interior Design Studio<\/span>.<br \/>The Customer may also, at any time, oppose the processing of the data, except those strictly necessary for the supply of products\/services, and\/or require deletion of its data for marketing or inclusion in lists of subscribers and services information, and for this purpose, contact <span style=\"font-weight: 400;\">Mafalda Soares Interior Design Studio<\/span> in writing or through the e-mail address: <span style=\"color: #000000;\"><a href=\"mailto:info@mafaldasoares.pt\">info@mafaldasoares.pt<\/a><\/span><\/p>\n<p>&nbsp;<\/p>\n<p>SECURITY OF PERSONAL DATA<br \/>Ensuring the confidentiality and security of Customer data is a permanent concern of <span style=\"font-weight: 400;\">Mafalda Soares Interior Design Studio<\/span>. Given the sensitivity of this information, <span style=\"font-weight: 400;\">Mafalda Soares Interior Design Studio<\/span> prepared and informed all its employees about the Company\u2019s Privacy Policy on Personal Data Security.<\/p>\n<p><span style=\"font-weight: 400;\">Mafalda Soares Interior Design Studio<\/span> also created a Data Protection Department to monitor compliance with these policies and required subcontractors to have the same level of compliance with the processing of personal data.<\/p>\n<p>Periodically, <span style=\"font-weight: 400;\">Mafalda Soares Interior Design Studio<\/span> organizes awareness actions with its employees and subcontractors, with the purpose of guaranteeing the maintenance of the rules applicable to the protection of personal data, and has also created an Internal Regulation with guidelines on their confidentiality.<\/p>\n<p><span style=\"font-weight: 400;\">Mafalda Soares Interior Design Studio<\/span> employees, as well as the subcontractors with whom <span style=\"font-weight: 400;\">Mafalda Soares Interior Design Studio<\/span> has contracts, have made a commitment not to disclose to third parties or use for any purpose contrary to law any personal information of <span style=\"font-weight: 400;\">Mafalda Soares Interior Design Studio<\/span> Customers whose knowledge is inherent to the performance of their duties.<br \/>The creation of teams and systems to ensure information security, creating and updating procedures that prevent unauthorized access, accidental loss and\/or destruction of personal data was also one of <span style=\"font-weight: 400;\">Mafalda Soares Interior Design Studio&#8217;s<\/span> priorities.<\/p>\n<p><span style=\"font-weight: 400;\">Mafalda Soares Interior Design Studio<\/span> has made a commitment to comply with the legislation on the protection of the privacy of Customer data and to treat this data only for the purposes for which it was collected and to ensure that this data is treated with adequate levels of security and confidentiality in the terms of the applicable legislation and the conditions set by the National Data Protection Commission (CNPD).<br \/>Any doubts or questions that remain regarding the applicable legislation should be contacted by this entity (CNPD):<\/p>\n<p>Comiss\u00e3o Nacional de Prote\u00e7\u00e3o de Dados<br \/>Rua de S\u00e3o Bento<br \/>n.\u00ba 148 \u2013 3.\u00ba<br \/>1200-821 LISBOA<\/p>\n<p>or through the website: <a href=\"http:\/\/www.cnpd.pt\">www.cnpd.pt<\/a> or by phone: +351 213928400<\/p>\n<p>Despite the security measures implemented, we warn that the data circulating on the Internet is not fully protected against possible deviations, being the communication of access passwords, passwords, confidential codes and any sensitive information made under the Client\u2019s entire responsibility.<br \/>You may also, at any time, request the anonymisation of your data and withdraw your consent for this data to be processed by contacting the Data Protection Department of <span style=\"font-weight: 400;\">Mafalda Soares Interior Design Studio<\/span>.<\/p>\n<p><span style=\"font-weight: 400;\">Mafalda Soares Interior Design Studio<\/span> commits itself to respect the legislation regarding the protection of the privacy of Customer data and to treat such data only for the purposes for which it was collected and to ensure that such data is treated with adequate levels of security and confidentiality in accordance with applicable law and conditions laid down by the CNPD.<\/p>\n<p>Bearing in mind <span style=\"font-weight: 400;\">Mafalda Soares Interior Design Studio&#8217;s<\/span> great concern and commitment in defending privacy issues, a number of technical and organizational security measures have been adopted in order to protect the personal data available to us against its dissemination, loss, use unauthorized alteration, processing or unauthorized access, as well as against any other form of illicit treatment.<br \/>In this regard, throughout our website, forms for collecting personal data require encrypted sessions of the Browser.<\/p>\n<p>Not withstanding the security measures adopted by <span style=\"font-weight: 400;\">Mafalda Soares Interior Design Studio<\/span>, we are required to alert all Internet surfers that they should take additional security measures, in particular to ensure that they use an updated PC and Browser in terms of properly configured security patches, active firewall, antivirus and antispyware, and make sure the authenticity of the websites you visit on the internet, and avoid websites whose reputation you do not trust.<\/p>\n<p>This information has been last updated on 01\/01\/2019.<\/p>\n<p>[\/et_pb_text][\/et_pb_column][\/et_pb_row][\/et_pb_section]<\/p>\n","protected":false},"excerpt":{"rendered":"<p>Privacy PolicyMafalda Soares Interior Design Studio, (hereinafter referred to as MS Studio\u00a0is concerned with the privacy, namely of its customers and users of its website. In the context of the suppling of products\/services, Mafalda Soares Interior Design Studio needs to regularly collect some of its customers\u2019 personal data, ie information relating to an identified or [&hellip;]<\/p>\n","protected":false},"author":1,"featured_media":2356,"parent":0,"menu_order":0,"comment_status":"closed","ping_status":"closed","template":"","meta":{"_et_pb_use_builder":"on","_et_pb_old_content":"","_et_gb_content_width":"","footnotes":""},"dipi_cpt_category":[],"class_list":["post-2097","page","type-page","status-publish","has-post-thumbnail","hentry"],"_links":{"self":[{"href":"https:\/\/mafaldasoares.pt\/en\/wp-json\/wp\/v2\/pages\/2097","targetHints":{"allow":["GET"]}}],"collection":[{"href":"https:\/\/mafaldasoares.pt\/en\/wp-json\/wp\/v2\/pages"}],"about":[{"href":"https:\/\/mafaldasoares.pt\/en\/wp-json\/wp\/v2\/types\/page"}],"author":[{"embeddable":true,"href":"https:\/\/mafaldasoares.pt\/en\/wp-json\/wp\/v2\/users\/1"}],"replies":[{"embeddable":true,"href":"https:\/\/mafaldasoares.pt\/en\/wp-json\/wp\/v2\/comments?post=2097"}],"version-history":[{"count":6,"href":"https:\/\/mafaldasoares.pt\/en\/wp-json\/wp\/v2\/pages\/2097\/revisions"}],"predecessor-version":[{"id":2357,"href":"https:\/\/mafaldasoares.pt\/en\/wp-json\/wp\/v2\/pages\/2097\/revisions\/2357"}],"wp:featuredmedia":[{"embeddable":true,"href":"https:\/\/mafaldasoares.pt\/en\/wp-json\/wp\/v2\/media\/2356"}],"wp:attachment":[{"href":"https:\/\/mafaldasoares.pt\/en\/wp-json\/wp\/v2\/media?parent=2097"}],"wp:term":[{"taxonomy":"dipi_cpt_category","embeddable":true,"href":"https:\/\/mafaldasoares.pt\/en\/wp-json\/wp\/v2\/dipi_cpt_category?post=2097"}],"curies":[{"name":"wp","href":"https:\/\/api.w.org\/{rel}","templated":true}]}}